{"id":112,"date":"2022-05-12T22:45:53","date_gmt":"2022-05-12T20:45:53","guid":{"rendered":"http:\/\/lapetitemaisonsenlis.fr\/?page_id=112"},"modified":"2022-05-12T22:47:56","modified_gmt":"2022-05-12T20:47:56","slug":"en-pratique-2","status":"publish","type":"page","link":"https:\/\/lapetitemaisonsenlis.fr\/index.php\/en-pratique-2\/","title":{"rendered":"En pratique"},"content":{"rendered":"\n<p><strong>Quelques informations compl\u00e9mentaires pour passer de bonnes vacances dans La Petite Maison :<\/strong><\/p>\n\n\n\n<ul class=\"wp-block-list\" id=\"block-d6dc466f-0907-41e9-9eb7-6d45984db68d\"><li>Votre h\u00f4te parle fran\u00e7ais et anglais<\/li><li>Parking clos<\/li><li>Draps et serviettes de bain fournis<\/li><li>Lave vaisselle, lave linge s\u00e9chant, r\u00e9frig\u00e9rateur, four, plaque vitro-c\u00e9ramique et micro-ondes \u00e9quipent la cuisine<\/li><li>Machine \u00e0 caf\u00e9 \u00e0 filtre et machine Nespresso<\/li><li>Boulangerie \u00e0 160 m\u00e8tres<\/li><li>Sup\u00e9rette Franprix \u00e0 600 m\u00e8tres<\/li><li>Livret d&rsquo;accueil avec suggestions de balades, visites et restaurants<\/li><li>Ici, on pratique les \u00e9cogestes, <a href=\"https:\/\/www.ecologie.gouv.fr\/des-gestes-simples-faire-des-economies-denergie-dans-maison\">vous pouvez les d\u00e9couvrir en cliquant ici<\/a><\/li><li>Les ordures m\u00e9nag\u00e8res sont \u00e0 mettre dans la poubelle grise et \u00e0 sortir sur le trottoir le lundi soir ; le tri s\u00e9lectif est \u00e0 mettre dans la poubelle jaune et \u00e0 sortir sur le trottoir le mardi soir. Les consignes de tri s\u00e9lectif sont d\u00e9taill\u00e9es dans le livret d&rsquo;accueil.<\/li><\/ul>\n","protected":false},"excerpt":{"rendered":"<p>Quelques informations compl\u00e9mentaires pour passer de bonnes vacances dans La Petite Maison : Votre h\u00f4te parle fran\u00e7ais et anglais Parking clos Draps et serviettes de bain fournis Lave vaisselle, lave linge s\u00e9chant, r\u00e9frig\u00e9rateur, four, plaque vitro-c\u00e9ramique et micro-ondes \u00e9quipent la cuisine Machine \u00e0 caf\u00e9 \u00e0 filtre et machine Nespresso Boulangerie \u00e0 160 m\u00e8tres Sup\u00e9rette Franprix &hellip; <\/p>\n<p class=\"link-more\"><a href=\"https:\/\/lapetitemaisonsenlis.fr\/index.php\/en-pratique-2\/\" class=\"more-link\">Continuer la lecture<span class=\"screen-reader-text\"> de &laquo;&nbsp;En pratique&nbsp;&raquo;<\/span><\/a><\/p>\n","protected":false},"author":1,"featured_media":0,"parent":0,"menu_order":0,"comment_status":"closed","ping_status":"closed","template":"","meta":{"footnotes":""},"class_list":["post-112","page","type-page","status-publish","hentry"],"_links":{"self":[{"href":"https:\/\/lapetitemaisonsenlis.fr\/index.php\/wp-json\/wp\/v2\/pages\/112","targetHints":{"allow":["GET"]}}],"collection":[{"href":"https:\/\/lapetitemaisonsenlis.fr\/index.php\/wp-json\/wp\/v2\/pages"}],"about":[{"href":"https:\/\/lapetitemaisonsenlis.fr\/index.php\/wp-json\/wp\/v2\/types\/page"}],"author":[{"embeddable":true,"href":"https:\/\/lapetitemaisonsenlis.fr\/index.php\/wp-json\/wp\/v2\/users\/1"}],"replies":[{"embeddable":true,"href":"https:\/\/lapetitemaisonsenlis.fr\/index.php\/wp-json\/wp\/v2\/comments?post=112"}],"version-history":[{"count":3,"href":"https:\/\/lapetitemaisonsenlis.fr\/index.php\/wp-json\/wp\/v2\/pages\/112\/revisions"}],"predecessor-version":[{"id":116,"href":"https:\/\/lapetitemaisonsenlis.fr\/index.php\/wp-json\/wp\/v2\/pages\/112\/revisions\/116"}],"wp:attachment":[{"href":"https:\/\/lapetitemaisonsenlis.fr\/index.php\/wp-json\/wp\/v2\/media?parent=112"}],"curies":[{"name":"wp","href":"https:\/\/api.w.org\/{rel}","templated":true}]}}