{"id":18,"date":"2022-04-12T22:27:06","date_gmt":"2022-04-12T20:27:06","guid":{"rendered":"http:\/\/lapetitemaisonsenlis.fr\/?page_id=18"},"modified":"2022-04-13T23:22:31","modified_gmt":"2022-04-13T21:22:31","slug":"accueil","status":"publish","type":"page","link":"https:\/\/lapetitemaisonsenlis.fr\/","title":{"rendered":"Accueil"},"content":{"rendered":"\n<p>D\u00e9couvrez une maison de 70 m<sup>2<\/sup> id\u00e9ale pour accueillir 2 \u00e0 4 personnes. <br><br>Elle a \u00e9t\u00e9 construite en 1920 par mes grands parents \u00e0 usage d&rsquo;\u00e9curies. En 1973 lors de notre mariage, nous l\u2019avons transform\u00e9e en maison et y avons v\u00e9cu beaucoup de bonheur avec nos deux enfants.<br><br>A l&rsquo;arriv\u00e9e de notre 3<sup>\u00e8<\/sup> enfant, nous avons \u00e9chang\u00e9 les maisons avec mes parents, qui vivaient dans la grande maison que vous devinerez derri\u00e8re la palissade, \u00e0 l&rsquo;autre bout du grand jardin.<\/p>\n\n\n\n<p>Cette maison est toujours rest\u00e9e la petite maison, terme affectueux donn\u00e9 en contraste avec la grande maison. <\/p>\n","protected":false},"excerpt":{"rendered":"<p>D\u00e9couvrez une maison de 70 m2 id\u00e9ale pour accueillir 2 \u00e0 4 personnes. Elle a \u00e9t\u00e9 construite en 1920 par mes grands parents \u00e0 usage d&rsquo;\u00e9curies. En 1973 lors de notre mariage, nous l\u2019avons transform\u00e9e en maison et y avons v\u00e9cu beaucoup de bonheur avec nos deux enfants. A l&rsquo;arriv\u00e9e de notre 3\u00e8 enfant, nous &hellip; <\/p>\n<p class=\"link-more\"><a href=\"https:\/\/lapetitemaisonsenlis.fr\/\" class=\"more-link\">Continuer la lecture<span class=\"screen-reader-text\"> de &laquo;&nbsp;Accueil&nbsp;&raquo;<\/span><\/a><\/p>\n","protected":false},"author":1,"featured_media":0,"parent":0,"menu_order":0,"comment_status":"closed","ping_status":"closed","template":"","meta":{"footnotes":""},"class_list":["post-18","page","type-page","status-publish","hentry"],"_links":{"self":[{"href":"https:\/\/lapetitemaisonsenlis.fr\/index.php\/wp-json\/wp\/v2\/pages\/18","targetHints":{"allow":["GET"]}}],"collection":[{"href":"https:\/\/lapetitemaisonsenlis.fr\/index.php\/wp-json\/wp\/v2\/pages"}],"about":[{"href":"https:\/\/lapetitemaisonsenlis.fr\/index.php\/wp-json\/wp\/v2\/types\/page"}],"author":[{"embeddable":true,"href":"https:\/\/lapetitemaisonsenlis.fr\/index.php\/wp-json\/wp\/v2\/users\/1"}],"replies":[{"embeddable":true,"href":"https:\/\/lapetitemaisonsenlis.fr\/index.php\/wp-json\/wp\/v2\/comments?post=18"}],"version-history":[{"count":4,"href":"https:\/\/lapetitemaisonsenlis.fr\/index.php\/wp-json\/wp\/v2\/pages\/18\/revisions"}],"predecessor-version":[{"id":91,"href":"https:\/\/lapetitemaisonsenlis.fr\/index.php\/wp-json\/wp\/v2\/pages\/18\/revisions\/91"}],"wp:attachment":[{"href":"https:\/\/lapetitemaisonsenlis.fr\/index.php\/wp-json\/wp\/v2\/media?parent=18"}],"curies":[{"name":"wp","href":"https:\/\/api.w.org\/{rel}","templated":true}]}}