{"id":21,"date":"2022-04-13T18:37:46","date_gmt":"2022-04-13T16:37:46","guid":{"rendered":"http:\/\/lapetitemaisonsenlis.fr\/?page_id=21"},"modified":"2022-05-05T23:50:24","modified_gmt":"2022-05-05T21:50:24","slug":"decouvrez-la-maison","status":"publish","type":"page","link":"https:\/\/lapetitemaisonsenlis.fr\/index.php\/decouvrez-la-maison\/","title":{"rendered":"D\u00e9couvrez la maison"},"content":{"rendered":"\n<p class=\"has-text-align-left\">D&rsquo;une surface de 70 m<sup>2<\/sup>, la petite maison vous accueille avec tout le confort n\u00e9cessaire. <br>Les draps, serviettes de toilettes sont inclus.<br> La cuisine est neuve. <br>La salle \u00e0 manger est baign\u00e9e par la lumi\u00e8re de la grande porte fen\u00eatre.<br><br>Compte tenu de sa configuration,<br>la petite maison n&rsquo;est pas accessible aux personnes \u00e0 mobilit\u00e9 r\u00e9duite.<\/p>\n\n\n\n<p class=\"has-text-align-center\">Le salon<\/p>\n\n\n\n<figure class=\"wp-block-image size-large is-style-rounded\"><img loading=\"lazy\" decoding=\"async\" width=\"1024\" height=\"768\" src=\"http:\/\/lapetitemaisonsenlis.fr\/wp-content\/uploads\/2022\/04\/IMG_0701-1-1024x768.jpg\" alt=\"\" class=\"wp-image-78\" srcset=\"https:\/\/lapetitemaisonsenlis.fr\/wp-content\/uploads\/2022\/04\/IMG_0701-1-1024x768.jpg 1024w, https:\/\/lapetitemaisonsenlis.fr\/wp-content\/uploads\/2022\/04\/IMG_0701-1-300x225.jpg 300w, https:\/\/lapetitemaisonsenlis.fr\/wp-content\/uploads\/2022\/04\/IMG_0701-1-768x576.jpg 768w, https:\/\/lapetitemaisonsenlis.fr\/wp-content\/uploads\/2022\/04\/IMG_0701-1-1536x1152.jpg 1536w, https:\/\/lapetitemaisonsenlis.fr\/wp-content\/uploads\/2022\/04\/IMG_0701-1.jpg 2016w\" sizes=\"auto, (max-width: 706px) 89vw, (max-width: 767px) 82vw, 740px\" \/><\/figure>\n\n\n\n<p class=\"has-text-align-center\">La chambre avec un lit 2 places<\/p>\n\n\n\n<figure class=\"wp-block-image size-large is-style-rounded\"><img loading=\"lazy\" decoding=\"async\" width=\"1024\" height=\"670\" src=\"http:\/\/lapetitemaisonsenlis.fr\/wp-content\/uploads\/2022\/04\/IMG_0686-1024x670.jpg\" alt=\"\" class=\"wp-image-51\" srcset=\"https:\/\/lapetitemaisonsenlis.fr\/wp-content\/uploads\/2022\/04\/IMG_0686-1024x670.jpg 1024w, https:\/\/lapetitemaisonsenlis.fr\/wp-content\/uploads\/2022\/04\/IMG_0686-300x196.jpg 300w, https:\/\/lapetitemaisonsenlis.fr\/wp-content\/uploads\/2022\/04\/IMG_0686-768x503.jpg 768w, https:\/\/lapetitemaisonsenlis.fr\/wp-content\/uploads\/2022\/04\/IMG_0686.jpg 1493w\" sizes=\"auto, (max-width: 706px) 89vw, (max-width: 767px) 82vw, 740px\" \/><\/figure>\n\n\n\n<p class=\"has-text-align-center\">La chambre avec 2 lits 1 place<\/p>\n\n\n\n<div class=\"wp-block-columns is-layout-flex wp-container-core-columns-is-layout-9d6595d7 wp-block-columns-is-layout-flex\">\n<div class=\"wp-block-column is-layout-flow wp-block-column-is-layout-flow\" style=\"flex-basis:100%\">\n<figure class=\"wp-block-gallery has-nested-images columns-default is-cropped wp-block-gallery-1 is-layout-flex wp-block-gallery-is-layout-flex\">\n<figure class=\"wp-block-image size-full is-resized is-style-rounded\"><img decoding=\"async\" data-id=\"56\" src=\"http:\/\/lapetitemaisonsenlis.fr\/wp-content\/uploads\/2022\/04\/IMG_0693-2-1-edited.jpg\" alt=\"\" class=\"wp-image-56\" width=\"671\" srcset=\"https:\/\/lapetitemaisonsenlis.fr\/wp-content\/uploads\/2022\/04\/IMG_0693-2-1-edited.jpg 885w, https:\/\/lapetitemaisonsenlis.fr\/wp-content\/uploads\/2022\/04\/IMG_0693-2-1-edited-300x225.jpg 300w, https:\/\/lapetitemaisonsenlis.fr\/wp-content\/uploads\/2022\/04\/IMG_0693-2-1-edited-768x576.jpg 768w\" sizes=\"(max-width: 706px) 89vw, (max-width: 767px) 82vw, 740px\" \/><\/figure>\n<\/figure>\n<\/div>\n<\/div>\n\n\n\n<p class=\"has-text-align-center\">La salle de bain<\/p>\n\n\n\n<div class=\"wp-block-image is-style-rounded\"><figure class=\"aligncenter size-full is-resized\"><img loading=\"lazy\" decoding=\"async\" src=\"http:\/\/lapetitemaisonsenlis.fr\/wp-content\/uploads\/2022\/04\/IMG_0690_2.jpg\" alt=\"\" class=\"wp-image-54\" width=\"543\" height=\"838\" srcset=\"https:\/\/lapetitemaisonsenlis.fr\/wp-content\/uploads\/2022\/04\/IMG_0690_2.jpg 543w, https:\/\/lapetitemaisonsenlis.fr\/wp-content\/uploads\/2022\/04\/IMG_0690_2-194x300.jpg 194w\" sizes=\"auto, (max-width: 543px) 100vw, 543px\" \/><\/figure><\/div>\n","protected":false},"excerpt":{"rendered":"<p>D&rsquo;une surface de 70 m2, la petite maison vous accueille avec tout le confort n\u00e9cessaire. Les draps, serviettes de toilettes sont inclus. La cuisine est neuve. La salle \u00e0 manger est baign\u00e9e par la lumi\u00e8re de la grande porte fen\u00eatre. Compte tenu de sa configuration,la petite maison n&rsquo;est pas accessible aux personnes \u00e0 mobilit\u00e9 r\u00e9duite. &hellip; <\/p>\n<p class=\"link-more\"><a href=\"https:\/\/lapetitemaisonsenlis.fr\/index.php\/decouvrez-la-maison\/\" class=\"more-link\">Continuer la lecture<span class=\"screen-reader-text\"> de &laquo;&nbsp;D\u00e9couvrez la maison&nbsp;&raquo;<\/span><\/a><\/p>\n","protected":false},"author":1,"featured_media":25,"parent":0,"menu_order":0,"comment_status":"closed","ping_status":"closed","template":"","meta":{"footnotes":""},"class_list":["post-21","page","type-page","status-publish","has-post-thumbnail","hentry"],"_links":{"self":[{"href":"https:\/\/lapetitemaisonsenlis.fr\/index.php\/wp-json\/wp\/v2\/pages\/21","targetHints":{"allow":["GET"]}}],"collection":[{"href":"https:\/\/lapetitemaisonsenlis.fr\/index.php\/wp-json\/wp\/v2\/pages"}],"about":[{"href":"https:\/\/lapetitemaisonsenlis.fr\/index.php\/wp-json\/wp\/v2\/types\/page"}],"author":[{"embeddable":true,"href":"https:\/\/lapetitemaisonsenlis.fr\/index.php\/wp-json\/wp\/v2\/users\/1"}],"replies":[{"embeddable":true,"href":"https:\/\/lapetitemaisonsenlis.fr\/index.php\/wp-json\/wp\/v2\/comments?post=21"}],"version-history":[{"count":6,"href":"https:\/\/lapetitemaisonsenlis.fr\/index.php\/wp-json\/wp\/v2\/pages\/21\/revisions"}],"predecessor-version":[{"id":95,"href":"https:\/\/lapetitemaisonsenlis.fr\/index.php\/wp-json\/wp\/v2\/pages\/21\/revisions\/95"}],"wp:featuredmedia":[{"embeddable":true,"href":"https:\/\/lapetitemaisonsenlis.fr\/index.php\/wp-json\/wp\/v2\/media\/25"}],"wp:attachment":[{"href":"https:\/\/lapetitemaisonsenlis.fr\/index.php\/wp-json\/wp\/v2\/media?parent=21"}],"curies":[{"name":"wp","href":"https:\/\/api.w.org\/{rel}","templated":true}]}}