{"id":75,"date":"2022-04-13T18:50:30","date_gmt":"2022-04-13T16:50:30","guid":{"rendered":"http:\/\/lapetitemaisonsenlis.fr\/?page_id=75"},"modified":"2022-05-05T23:50:50","modified_gmt":"2022-05-05T21:50:50","slug":"decouvrez-la-region","status":"publish","type":"page","link":"https:\/\/lapetitemaisonsenlis.fr\/index.php\/decouvrez-la-region\/","title":{"rendered":"D\u00e9couvrez la r\u00e9gion"},"content":{"rendered":"\n<p class=\"has-text-align-left\">La maison est id\u00e9alement situ\u00e9e, \u00e0 5 minutes \u00e0 pieds du centre ville de Senlis.<br>D\u00e9couvrez facilement cette ville ancienne, ses pav\u00e9s, ses ruelles, sa cath\u00e9drale, ses petits commerces et son march\u00e9.<\/p>\n\n\n\n<figure class=\"wp-block-image size-full is-style-rounded\"><img loading=\"lazy\" decoding=\"async\" width=\"682\" height=\"512\" src=\"http:\/\/lapetitemaisonsenlis.fr\/wp-content\/uploads\/2022\/04\/visiter-senlis.jpg\" alt=\"\" class=\"wp-image-48\" srcset=\"https:\/\/lapetitemaisonsenlis.fr\/wp-content\/uploads\/2022\/04\/visiter-senlis.jpg 682w, https:\/\/lapetitemaisonsenlis.fr\/wp-content\/uploads\/2022\/04\/visiter-senlis-300x225.jpg 300w\" sizes=\"auto, (max-width: 682px) 100vw, 682px\" \/><\/figure>\n\n\n\n<p class=\"has-text-align-center\">Chantilly, son ch\u00e2teau et ses \u00e9curies ne sont qu&rsquo;\u00e0 quelques minutes en voiture.<\/p>\n\n\n\n<figure class=\"wp-block-image size-large is-style-rounded\"><img loading=\"lazy\" decoding=\"async\" width=\"1024\" height=\"683\" src=\"http:\/\/lapetitemaisonsenlis.fr\/wp-content\/uploads\/2022\/04\/\u00a9Jerome-Houyvet-Domaine-de-Chantilly-vue-aerienne-14_preview-1200x800-1-1024x683.jpeg\" alt=\"\" class=\"wp-image-40\" srcset=\"https:\/\/lapetitemaisonsenlis.fr\/wp-content\/uploads\/2022\/04\/\u00a9Jerome-Houyvet-Domaine-de-Chantilly-vue-aerienne-14_preview-1200x800-1-1024x683.jpeg 1024w, https:\/\/lapetitemaisonsenlis.fr\/wp-content\/uploads\/2022\/04\/\u00a9Jerome-Houyvet-Domaine-de-Chantilly-vue-aerienne-14_preview-1200x800-1-300x200.jpeg 300w, https:\/\/lapetitemaisonsenlis.fr\/wp-content\/uploads\/2022\/04\/\u00a9Jerome-Houyvet-Domaine-de-Chantilly-vue-aerienne-14_preview-1200x800-1-768x512.jpeg 768w, https:\/\/lapetitemaisonsenlis.fr\/wp-content\/uploads\/2022\/04\/\u00a9Jerome-Houyvet-Domaine-de-Chantilly-vue-aerienne-14_preview-1200x800-1.jpeg 1200w\" sizes=\"auto, (max-width: 706px) 89vw, (max-width: 767px) 82vw, 740px\" \/><\/figure>\n\n\n\n<p class=\"has-text-align-center\">Les 3 for\u00eats vous attendent pour de longues balades en pleine nature.<\/p>\n\n\n\n<figure class=\"wp-block-image size-large is-style-rounded\"><img loading=\"lazy\" decoding=\"async\" width=\"1024\" height=\"768\" src=\"http:\/\/lapetitemaisonsenlis.fr\/wp-content\/uploads\/2022\/04\/Senlis_60_Chemin_des_Vaches-1024x768.jpg\" alt=\"\" class=\"wp-image-41\" srcset=\"https:\/\/lapetitemaisonsenlis.fr\/wp-content\/uploads\/2022\/04\/Senlis_60_Chemin_des_Vaches-1024x768.jpg 1024w, https:\/\/lapetitemaisonsenlis.fr\/wp-content\/uploads\/2022\/04\/Senlis_60_Chemin_des_Vaches-300x225.jpg 300w, https:\/\/lapetitemaisonsenlis.fr\/wp-content\/uploads\/2022\/04\/Senlis_60_Chemin_des_Vaches-768x576.jpg 768w, https:\/\/lapetitemaisonsenlis.fr\/wp-content\/uploads\/2022\/04\/Senlis_60_Chemin_des_Vaches-1536x1152.jpg 1536w, https:\/\/lapetitemaisonsenlis.fr\/wp-content\/uploads\/2022\/04\/Senlis_60_Chemin_des_Vaches-2048x1536.jpg 2048w\" sizes=\"auto, (max-width: 706px) 89vw, (max-width: 767px) 82vw, 740px\" \/><\/figure>\n\n\n\n<p class=\"has-text-align-center\">D\u00e9couvrez Paris \u00e0 la journ\u00e9e, et rentrez le soir vous reposer au calme.<\/p>\n\n\n\n<figure class=\"wp-block-image size-large is-style-rounded\"><img loading=\"lazy\" decoding=\"async\" width=\"1024\" height=\"576\" src=\"http:\/\/lapetitemaisonsenlis.fr\/wp-content\/uploads\/2022\/04\/88-1024x576.jpg\" alt=\"\" class=\"wp-image-43\" srcset=\"https:\/\/lapetitemaisonsenlis.fr\/wp-content\/uploads\/2022\/04\/88-1024x576.jpg 1024w, https:\/\/lapetitemaisonsenlis.fr\/wp-content\/uploads\/2022\/04\/88-300x169.jpg 300w, https:\/\/lapetitemaisonsenlis.fr\/wp-content\/uploads\/2022\/04\/88-768x432.jpg 768w, https:\/\/lapetitemaisonsenlis.fr\/wp-content\/uploads\/2022\/04\/88-1536x864.jpg 1536w, https:\/\/lapetitemaisonsenlis.fr\/wp-content\/uploads\/2022\/04\/88-2048x1152.jpg 2048w\" sizes=\"auto, (max-width: 706px) 89vw, (max-width: 767px) 82vw, 740px\" \/><\/figure>\n\n\n\n<p><\/p>\n","protected":false},"excerpt":{"rendered":"<p>La maison est id\u00e9alement situ\u00e9e, \u00e0 5 minutes \u00e0 pieds du centre ville de Senlis.D\u00e9couvrez facilement cette ville ancienne, ses pav\u00e9s, ses ruelles, sa cath\u00e9drale, ses petits commerces et son march\u00e9. Chantilly, son ch\u00e2teau et ses \u00e9curies ne sont qu&rsquo;\u00e0 quelques minutes en voiture. Les 3 for\u00eats vous attendent pour de longues balades en pleine &hellip; <\/p>\n<p class=\"link-more\"><a href=\"https:\/\/lapetitemaisonsenlis.fr\/index.php\/decouvrez-la-region\/\" class=\"more-link\">Continuer la lecture<span class=\"screen-reader-text\"> de &laquo;&nbsp;D\u00e9couvrez la r\u00e9gion&nbsp;&raquo;<\/span><\/a><\/p>\n","protected":false},"author":1,"featured_media":84,"parent":0,"menu_order":0,"comment_status":"closed","ping_status":"closed","template":"","meta":{"footnotes":""},"class_list":["post-75","page","type-page","status-publish","has-post-thumbnail","hentry"],"_links":{"self":[{"href":"https:\/\/lapetitemaisonsenlis.fr\/index.php\/wp-json\/wp\/v2\/pages\/75","targetHints":{"allow":["GET"]}}],"collection":[{"href":"https:\/\/lapetitemaisonsenlis.fr\/index.php\/wp-json\/wp\/v2\/pages"}],"about":[{"href":"https:\/\/lapetitemaisonsenlis.fr\/index.php\/wp-json\/wp\/v2\/types\/page"}],"author":[{"embeddable":true,"href":"https:\/\/lapetitemaisonsenlis.fr\/index.php\/wp-json\/wp\/v2\/users\/1"}],"replies":[{"embeddable":true,"href":"https:\/\/lapetitemaisonsenlis.fr\/index.php\/wp-json\/wp\/v2\/comments?post=75"}],"version-history":[{"count":3,"href":"https:\/\/lapetitemaisonsenlis.fr\/index.php\/wp-json\/wp\/v2\/pages\/75\/revisions"}],"predecessor-version":[{"id":96,"href":"https:\/\/lapetitemaisonsenlis.fr\/index.php\/wp-json\/wp\/v2\/pages\/75\/revisions\/96"}],"wp:featuredmedia":[{"embeddable":true,"href":"https:\/\/lapetitemaisonsenlis.fr\/index.php\/wp-json\/wp\/v2\/media\/84"}],"wp:attachment":[{"href":"https:\/\/lapetitemaisonsenlis.fr\/index.php\/wp-json\/wp\/v2\/media?parent=75"}],"curies":[{"name":"wp","href":"https:\/\/api.w.org\/{rel}","templated":true}]}}